{"id":782,"date":"2023-05-23T12:18:07","date_gmt":"2023-05-23T10:18:07","guid":{"rendered":"http:\/\/ouestran.com\/?page_id=782"},"modified":"2023-06-08T15:31:01","modified_gmt":"2023-06-08T13:31:01","slug":"numerique-responsable","status":"publish","type":"page","link":"https:\/\/ouestran.com\/?page_id=782","title":{"rendered":"Num\u00e9rique Responsable"},"content":{"rendered":"\t\t<div data-elementor-type=\"wp-page\" data-elementor-id=\"782\" class=\"elementor elementor-782\">\n\t\t\t\t\t\t\t\t\t<section class=\"elementor-section elementor-top-section elementor-element elementor-element-d641f62 elementor-section-stretched elementor-section-boxed elementor-section-height-default elementor-section-height-default\" data-id=\"d641f62\" data-element_type=\"section\" data-settings=\"{&quot;stretch_section&quot;:&quot;section-stretched&quot;,&quot;background_background&quot;:&quot;classic&quot;}\">\n\t\t\t\t\t\t<div class=\"elementor-container elementor-column-gap-default\">\n\t\t\t\t\t<div class=\"elementor-column elementor-col-100 elementor-top-column elementor-element elementor-element-f8ea3d4\" data-id=\"f8ea3d4\" data-element_type=\"column\">\n\t\t\t<div class=\"elementor-widget-wrap elementor-element-populated\">\n\t\t\t\t\t\t\t\t<div class=\"elementor-element elementor-element-3846dbb elementor-widget elementor-widget-heading\" data-id=\"3846dbb\" data-element_type=\"widget\" data-widget_type=\"heading.default\">\n\t\t\t\t<div class=\"elementor-widget-container\">\n\t\t\t<style>\/*! elementor - v3.13.3 - 28-05-2023 *\/\n.elementor-heading-title{padding:0;margin:0;line-height:1}.elementor-widget-heading .elementor-heading-title[class*=elementor-size-]>a{color:inherit;font-size:inherit;line-height:inherit}.elementor-widget-heading .elementor-heading-title.elementor-size-small{font-size:15px}.elementor-widget-heading .elementor-heading-title.elementor-size-medium{font-size:19px}.elementor-widget-heading .elementor-heading-title.elementor-size-large{font-size:29px}.elementor-widget-heading .elementor-heading-title.elementor-size-xl{font-size:39px}.elementor-widget-heading .elementor-heading-title.elementor-size-xxl{font-size:59px}<\/style><h2 class=\"elementor-heading-title elementor-size-default\">Nous vous proposons<\/h2>\t\t<\/div>\n\t\t\t\t<\/div>\n\t\t\t\t<div class=\"elementor-element elementor-element-d52f17a elementor-widget elementor-widget-heading\" data-id=\"d52f17a\" data-element_type=\"widget\" data-widget_type=\"heading.default\">\n\t\t\t\t<div class=\"elementor-widget-container\">\n\t\t\t<h2 class=\"elementor-heading-title elementor-size-default\">Num\u00e9rique Responsable<\/h2>\t\t<\/div>\n\t\t\t\t<\/div>\n\t\t\t\t<div class=\"elementor-element elementor-element-a094192 elementor-widget elementor-widget-text-editor\" data-id=\"a094192\" data-element_type=\"widget\" data-widget_type=\"text-editor.default\">\n\t\t\t\t<div class=\"elementor-widget-container\">\n\t\t\t<style>\/*! elementor - v3.13.3 - 28-05-2023 *\/\n.elementor-widget-text-editor.elementor-drop-cap-view-stacked .elementor-drop-cap{background-color:#69727d;color:#fff}.elementor-widget-text-editor.elementor-drop-cap-view-framed .elementor-drop-cap{color:#69727d;border:3px solid;background-color:transparent}.elementor-widget-text-editor:not(.elementor-drop-cap-view-default) .elementor-drop-cap{margin-top:8px}.elementor-widget-text-editor:not(.elementor-drop-cap-view-default) .elementor-drop-cap-letter{width:1em;height:1em}.elementor-widget-text-editor .elementor-drop-cap{float:left;text-align:center;line-height:1;font-size:50px}.elementor-widget-text-editor .elementor-drop-cap-letter{display:inline-block}<\/style>\t\t\t\t<p class=\"MsoNormal\"><b><span lang=\"FR\">Avantages du Num\u00e9rique Responsable pour les entreprises : <\/span><\/b><\/p><ul><li class=\"MsoListParagraphCxSpFirst\" style=\"text-indent: -.25in; mso-list: l0 level1 lfo1;\"><span lang=\"FR\"><span style=\"font-variant-numeric: normal; font-variant-east-asian: normal; font-variant-alternates: normal; font-kerning: auto; font-optical-sizing: auto; font-feature-settings: normal; font-variation-settings: normal; font-stretch: normal; font-size: 7pt; line-height: normal; font-family: 'Times New Roman';\">\u00a0 \u00a0 \u00a0 \u00a0 \u00a0 <\/span><\/span><!--[endif]--><span lang=\"FR\">R\u00e9duction des co\u00fbts : Le num\u00e9rique responsable permet d&rsquo;optimiser l&rsquo;utilisation des ressources num\u00e9riques, r\u00e9duisant ainsi les co\u00fbts \u00e9nerg\u00e9tiques, les d\u00e9penses li\u00e9es \u00e0 l&rsquo;infrastructure et la consommation de mat\u00e9riel informatique. <\/span><\/li><li class=\"MsoListParagraphCxSpMiddle\" style=\"text-indent: -.25in; mso-list: l0 level1 lfo1;\"><span lang=\"FR\"><span style=\"font-variant-numeric: normal; font-variant-east-asian: normal; font-variant-alternates: normal; font-kerning: auto; font-optical-sizing: auto; font-feature-settings: normal; font-variation-settings: normal; font-stretch: normal; font-size: 7pt; line-height: normal; font-family: 'Times New Roman';\">\u00a0 \u00a0 \u00a0 \u00a0 \u00a0 <\/span><\/span><span lang=\"FR\">Image de marque positive : En adoptant des pratiques de num\u00e9rique responsable, les entreprises d\u00e9montrent leur engagement envers la durabilit\u00e9 et l&rsquo;environnement, renfor\u00e7ant ainsi leur image de marque et leur r\u00e9putation aupr\u00e8s des clients et des parties prenantes. <\/span><\/li><li class=\"MsoListParagraphCxSpMiddle\" style=\"text-indent: -.25in; mso-list: l0 level1 lfo1;\"><span lang=\"FR\"><span style=\"font-variant-numeric: normal; font-variant-east-asian: normal; font-variant-alternates: normal; font-kerning: auto; font-optical-sizing: auto; font-feature-settings: normal; font-variation-settings: normal; font-stretch: normal; font-size: 7pt; line-height: normal; font-family: 'Times New Roman';\">\u00a0 \u00a0 \u00a0 \u00a0 \u00a0 <\/span><\/span><!--[endif]--><span lang=\"FR\">Am\u00e9lioration de l&rsquo;efficacit\u00e9 op\u00e9rationnelle : Le num\u00e9rique responsable encourage la rationalisation des processus et l&rsquo;utilisation de solutions num\u00e9riques plus efficaces, ce qui peut conduire \u00e0 une am\u00e9lioration de l&rsquo;efficacit\u00e9 op\u00e9rationnelle et \u00e0 une r\u00e9duction des d\u00e9lais de production. <\/span><\/li><li class=\"MsoListParagraphCxSpMiddle\" style=\"text-indent: -.25in; mso-list: l0 level1 lfo1;\"><span lang=\"FR\"><span style=\"font-variant-numeric: normal; font-variant-east-asian: normal; font-variant-alternates: normal; font-kerning: auto; font-optical-sizing: auto; font-feature-settings: normal; font-variation-settings: normal; font-stretch: normal; font-size: 7pt; line-height: normal; font-family: 'Times New Roman';\">\u00a0 \u00a0 \u00a0 \u00a0 \u00a0 <\/span><\/span><!--[endif]--><span lang=\"FR\">Innovation et diff\u00e9renciation : L&rsquo;adoption du num\u00e9rique responsable peut stimuler l&rsquo;innovation en encourageant le d\u00e9veloppement de produits et de services respectueux de l&rsquo;environnement, permettant ainsi aux entreprises de se diff\u00e9rencier sur le march\u00e9. <\/span><\/li><li class=\"MsoListParagraphCxSpLast\" style=\"text-indent: -.25in; mso-list: l0 level1 lfo1;\"><span lang=\"FR\"><span style=\"font-variant-numeric: normal; font-variant-east-asian: normal; font-variant-alternates: normal; font-kerning: auto; font-optical-sizing: auto; font-feature-settings: normal; font-variation-settings: normal; font-stretch: normal; font-size: 7pt; line-height: normal; font-family: 'Times New Roman';\">\u00a0 \u00a0 \u00a0 \u00a0 \u00a0 <\/span><\/span><!--[endif]--><span lang=\"FR\">Conformit\u00e9 r\u00e9glementaire : Avec la prise de conscience croissante des enjeux environnementaux, de nombreuses r\u00e9glementations sont mises en place pour encadrer les pratiques num\u00e9riques. Adopter une approche de num\u00e9rique responsable permet de se conformer aux r\u00e9glementations en vigueur et d&rsquo;anticiper les futures r\u00e9glementations.<\/span><\/li><\/ul>\t\t\t\t\t\t<\/div>\n\t\t\t\t<\/div>\n\t\t\t\t<div class=\"elementor-element elementor-element-7d07285 elementor-widget elementor-widget-heading\" data-id=\"7d07285\" data-element_type=\"widget\" data-widget_type=\"heading.default\">\n\t\t\t\t<div class=\"elementor-widget-container\">\n\t\t\t<h2 class=\"elementor-heading-title elementor-size-default\">D\u00e9roulement d'une mission<\/h2>\t\t<\/div>\n\t\t\t\t<\/div>\n\t\t\t\t<div class=\"elementor-element elementor-element-84b21c5 elementor-widget elementor-widget-text-editor\" data-id=\"84b21c5\" data-element_type=\"widget\" data-widget_type=\"text-editor.default\">\n\t\t\t\t<div class=\"elementor-widget-container\">\n\t\t\t\t\t\t\t<p><b>Identification du contexte de l\u2019organisation :<\/b><\/p><ul><li>Analyse de la chaine de valeur, des valeurs et missions de l\u2019entreprise, des risques et opportunit\u00e9s.<\/li><li>Identifier la correspondance entre les enjeux de la Responsabilit\u00e9 Soci\u00e9tale des Entreprises (RSE) et ceux du Num\u00e9rique Responsable.<\/li><li>Comprendre les objectifs du Num\u00e9rique Responsable (NR).<\/li><li>Identifier les \u00e9tapes d\u2019une d\u00e9marche NR fiable et r\u00e9ussie.<\/li><\/ul><p><strong>Identification des parties prenantes :<\/strong><\/p><ul><li>Appr\u00e9hender les enjeux du dialogue avec les parties prenantes.<\/li><li>Identifier ses parties prenantes avec une grille d\u2019analyse adapt\u00e9e.<\/li><li>Hi\u00e9rarchiser ses parties prenantes.<\/li><\/ul><p><strong>D\u00e9finition de sa mat\u00e9rialit\u00e9 :<\/strong><\/p><ul><li>Analyse des syst\u00e8mes et des pratiques num\u00e9riques au regard des bonnes pratiques et des pr\u00e9conisations NR.<\/li><li>Identification et hi\u00e9rarchisation des th\u00e9matiques et actions prioritaires.<\/li><li>Synth\u00e8se du diagnostic NR selon le mod\u00e8le du label NR.<\/li><\/ul><p><strong>D\u00e9finition d\u2019un plan d\u2019action et d\u2019indicateurs d\u2019\u00e9valuation de sa strat\u00e9gie NR :<\/strong><\/p><ul><li>D\u00e9finir ses priorit\u00e9s d\u2019action dans le temps sur la base de cette analyse, ainsi que des indicateurs de suivi d\u2019\u00e9volution.<\/li><li>Identifier les \u00e9tapes d\u2019une d\u00e9marche NR fiable et r\u00e9ussie en parall\u00e8le \u00e0 la d\u00e9marche de labellisation NR.<\/li><\/ul>\t\t\t\t\t\t<\/div>\n\t\t\t\t<\/div>\n\t\t\t\t<div class=\"elementor-element elementor-element-84e1bba elementor-widget elementor-widget-heading\" data-id=\"84e1bba\" data-element_type=\"widget\" data-widget_type=\"heading.default\">\n\t\t\t\t<div class=\"elementor-widget-container\">\n\t\t\t<h2 class=\"elementor-heading-title elementor-size-default\">Outils &amp; M\u00e9thodes utilis\u00e9s :<\/h2>\t\t<\/div>\n\t\t\t\t<\/div>\n\t\t\t\t<div class=\"elementor-element elementor-element-50f98ba elementor-widget elementor-widget-text-editor\" data-id=\"50f98ba\" data-element_type=\"widget\" data-widget_type=\"text-editor.default\">\n\t\t\t\t<div class=\"elementor-widget-container\">\n\t\t\t\t\t\t\t<p><span style=\"font-weight: 400;\">Le r\u00e9f\u00e9rentiel s\u2019appuie sur 4 axes et 14 principes d\u2019action du label Num\u00e9rique Responsable. Il propose \u00e9galement deux d\u00e9clinaisons sectorielles \u00e0 destination des ESN (Entreprises de Services du Num\u00e9rique) et des collectivit\u00e9s.<\/span><\/p>\n<ul>\n<li><span style=\"font-weight: 400;\">Th\u00e9matique 1 : Strat\u00e9gie et gouvernance.<\/span><\/li>\n<li><span style=\"font-weight: 400;\">Th\u00e9matique 2 : Soutien \u00e0 la strat\u00e9gie NR.<\/span><\/li>\n<li><span style=\"font-weight: 400;\">Th\u00e9matique 3 : Cycle de vie des services num\u00e9riques.<\/span><\/li>\n<li><span style=\"font-weight: 400;\">Th\u00e9matique 4 : Etendre sa d\u00e9marche NR.<\/span><\/li>\n<\/ul>\n<p><a href=\"https:\/\/institutnr.org\/le-referentiel-du-label-numerique-responsable\"><span style=\"font-weight: 400;\">https:\/\/institutnr.org\/le-referentiel-du-label-numerique-responsable<\/span><\/a><\/p>\n<p><span style=\"font-weight: 400;\">Accompagnement \u00e0 la labellisation num\u00e9rique responsable de l\u2019agence Lucie.<\/span><\/p>\n<p><span style=\"font-weight: 400;\">Lanc\u00e9 en juin 2019, le Label NR (Num\u00e9rique Responsable) est le premier label fran\u00e7ais qui vient encadrer cette d\u00e9marche en proposant aux entreprises une liste de r\u00e8gles \u00e0 respecter pour s\u2019inscrire dans une d\u00e9marche de d\u00e9veloppement durable.<\/span><\/p>\t\t\t\t\t\t<\/div>\n\t\t\t\t<\/div>\n\t\t\t\t<div class=\"elementor-element elementor-element-7546e98 elementor-widget elementor-widget-spacer\" data-id=\"7546e98\" data-element_type=\"widget\" data-widget_type=\"spacer.default\">\n\t\t\t\t<div class=\"elementor-widget-container\">\n\t\t\t<style>\/*! elementor - v3.13.3 - 28-05-2023 *\/\n.elementor-column .elementor-spacer-inner{height:var(--spacer-size)}.e-con{--container-widget-width:100%}.e-con-inner>.elementor-widget-spacer,.e-con>.elementor-widget-spacer{width:var(--container-widget-width,var(--spacer-size));--align-self:var(--container-widget-align-self,initial);--flex-shrink:0}.e-con-inner>.elementor-widget-spacer>.elementor-widget-container,.e-con-inner>.elementor-widget-spacer>.elementor-widget-container>.elementor-spacer,.e-con>.elementor-widget-spacer>.elementor-widget-container,.e-con>.elementor-widget-spacer>.elementor-widget-container>.elementor-spacer{height:100%}.e-con-inner>.elementor-widget-spacer>.elementor-widget-container>.elementor-spacer>.elementor-spacer-inner,.e-con>.elementor-widget-spacer>.elementor-widget-container>.elementor-spacer>.elementor-spacer-inner{height:var(--container-widget-height,var(--spacer-size))}<\/style>\t\t<div class=\"elementor-spacer\">\n\t\t\t<div class=\"elementor-spacer-inner\"><\/div>\n\t\t<\/div>\n\t\t\t\t<\/div>\n\t\t\t\t<\/div>\n\t\t\t\t\t<\/div>\n\t\t<\/div>\n\t\t\t\t\t\t\t<\/div>\n\t\t<\/section>\n\t\t\t\t<section class=\"elementor-section elementor-top-section elementor-element elementor-element-f62c120 elementor-section-stretched elementor-section-boxed elementor-section-height-default elementor-section-height-default\" data-id=\"f62c120\" data-element_type=\"section\" data-settings=\"{&quot;stretch_section&quot;:&quot;section-stretched&quot;,&quot;background_background&quot;:&quot;classic&quot;}\">\n\t\t\t\t\t\t<div class=\"elementor-container elementor-column-gap-default\">\n\t\t\t\t\t<div class=\"elementor-column elementor-col-100 elementor-top-column elementor-element elementor-element-88f978e\" data-id=\"88f978e\" data-element_type=\"column\">\n\t\t\t<div class=\"elementor-widget-wrap elementor-element-populated\">\n\t\t\t\t\t\t\t\t<div class=\"elementor-element elementor-element-4ce5029 elementor-widget elementor-widget-heading\" data-id=\"4ce5029\" data-element_type=\"widget\" data-widget_type=\"heading.default\">\n\t\t\t\t<div class=\"elementor-widget-container\">\n\t\t\t<h2 class=\"elementor-heading-title elementor-size-default\">Vous avez une question, une id\u00e9e, un projet ?<br><strong>Parlons-en.<\/h2>\t\t<\/div>\n\t\t\t\t<\/div>\n\t\t\t\t\t<\/div>\n\t\t<\/div>\n\t\t\t\t\t\t\t<\/div>\n\t\t<\/section>\n\t\t\t\t\t\t\t<\/div>\n\t\t","protected":false},"excerpt":{"rendered":"<p>Nous vous proposons Num\u00e9rique Responsable Avantages du Num\u00e9rique Responsable pour les entreprises : \u00a0 \u00a0 \u00a0 \u00a0 \u00a0 R\u00e9duction des co\u00fbts : Le num\u00e9rique responsable permet d&rsquo;optimiser l&rsquo;utilisation des ressources num\u00e9riques, r\u00e9duisant ainsi les co\u00fbts \u00e9nerg\u00e9tiques, les d\u00e9penses li\u00e9es \u00e0 l&rsquo;infrastructure et la consommation de mat\u00e9riel informatique. \u00a0 \u00a0 \u00a0 \u00a0 \u00a0 Image de marque &#8230; <a title=\"Num\u00e9rique Responsable\" class=\"read-more\" href=\"https:\/\/ouestran.com\/?page_id=782\" aria-label=\"En savoir plus sur Num\u00e9rique Responsable\">Lire la suite<\/a><\/p>\n","protected":false},"author":1,"featured_media":0,"parent":0,"menu_order":0,"comment_status":"closed","ping_status":"closed","template":"elementor_header_footer","meta":{"footnotes":""},"class_list":["post-782","page","type-page","status-publish"],"yoast_head":"<!-- This site is optimized with the Yoast SEO plugin v20.8 - https:\/\/yoast.com\/wordpress\/plugins\/seo\/ -->\n<title>Num\u00e9rique Responsable - Ouestran<\/title>\n<meta name=\"robots\" content=\"index, follow, max-snippet:-1, max-image-preview:large, max-video-preview:-1\" \/>\n<link rel=\"canonical\" href=\"https:\/\/ouestran.com\/?page_id=782\" \/>\n<meta property=\"og:locale\" content=\"fr_FR\" \/>\n<meta property=\"og:type\" content=\"article\" \/>\n<meta property=\"og:title\" content=\"Num\u00e9rique Responsable - Ouestran\" \/>\n<meta property=\"og:description\" content=\"Nous vous proposons Num\u00e9rique Responsable Avantages du Num\u00e9rique Responsable pour les entreprises : \u00a0 \u00a0 \u00a0 \u00a0 \u00a0 R\u00e9duction des co\u00fbts : Le num\u00e9rique responsable permet d&rsquo;optimiser l&rsquo;utilisation des ressources num\u00e9riques, r\u00e9duisant ainsi les co\u00fbts \u00e9nerg\u00e9tiques, les d\u00e9penses li\u00e9es \u00e0 l&rsquo;infrastructure et la consommation de mat\u00e9riel informatique. \u00a0 \u00a0 \u00a0 \u00a0 \u00a0 Image de marque ... Lire la suite\" \/>\n<meta property=\"og:url\" content=\"https:\/\/ouestran.com\/?page_id=782\" \/>\n<meta property=\"og:site_name\" content=\"Ouestran\" \/>\n<meta property=\"article:modified_time\" content=\"2023-06-08T13:31:01+00:00\" \/>\n<meta name=\"twitter:card\" content=\"summary_large_image\" \/>\n<meta name=\"twitter:label1\" content=\"Dur\u00e9e de lecture estim\u00e9e\" \/>\n\t<meta name=\"twitter:data1\" content=\"3 minutes\" \/>\n<script type=\"application\/ld+json\" class=\"yoast-schema-graph\">{\"@context\":\"https:\/\/schema.org\",\"@graph\":[{\"@type\":\"WebPage\",\"@id\":\"https:\/\/ouestran.com\/?page_id=782\",\"url\":\"https:\/\/ouestran.com\/?page_id=782\",\"name\":\"Num\u00e9rique Responsable - Ouestran\",\"isPartOf\":{\"@id\":\"https:\/\/ouestran.com\/#website\"},\"datePublished\":\"2023-05-23T10:18:07+00:00\",\"dateModified\":\"2023-06-08T13:31:01+00:00\",\"breadcrumb\":{\"@id\":\"https:\/\/ouestran.com\/?page_id=782#breadcrumb\"},\"inLanguage\":\"fr-FR\",\"potentialAction\":[{\"@type\":\"ReadAction\",\"target\":[\"https:\/\/ouestran.com\/?page_id=782\"]}]},{\"@type\":\"BreadcrumbList\",\"@id\":\"https:\/\/ouestran.com\/?page_id=782#breadcrumb\",\"itemListElement\":[{\"@type\":\"ListItem\",\"position\":1,\"name\":\"Accueil\",\"item\":\"https:\/\/ouestran.com\/\"},{\"@type\":\"ListItem\",\"position\":2,\"name\":\"Num\u00e9rique Responsable\"}]},{\"@type\":\"WebSite\",\"@id\":\"https:\/\/ouestran.com\/#website\",\"url\":\"https:\/\/ouestran.com\/\",\"name\":\"Ouestran\",\"description\":\"Impact Environnemental : Mesure et Action\",\"publisher\":{\"@id\":\"https:\/\/ouestran.com\/#organization\"},\"potentialAction\":[{\"@type\":\"SearchAction\",\"target\":{\"@type\":\"EntryPoint\",\"urlTemplate\":\"https:\/\/ouestran.com\/?s={search_term_string}\"},\"query-input\":\"required name=search_term_string\"}],\"inLanguage\":\"fr-FR\"},{\"@type\":\"Organization\",\"@id\":\"https:\/\/ouestran.com\/#organization\",\"name\":\"Ouestran\",\"url\":\"https:\/\/ouestran.com\/\",\"logo\":{\"@type\":\"ImageObject\",\"inLanguage\":\"fr-FR\",\"@id\":\"https:\/\/ouestran.com\/#\/schema\/logo\/image\/\",\"url\":\"https:\/\/ouestran.com\/wp-content\/uploads\/2023\/05\/cropped-Logo-Slogan.png\",\"contentUrl\":\"https:\/\/ouestran.com\/wp-content\/uploads\/2023\/05\/cropped-Logo-Slogan.png\",\"width\":163,\"height\":56,\"caption\":\"Ouestran\"},\"image\":{\"@id\":\"https:\/\/ouestran.com\/#\/schema\/logo\/image\/\"}}]}<\/script>\n<!-- \/ Yoast SEO plugin. -->","yoast_head_json":{"title":"Num\u00e9rique Responsable - Ouestran","robots":{"index":"index","follow":"follow","max-snippet":"max-snippet:-1","max-image-preview":"max-image-preview:large","max-video-preview":"max-video-preview:-1"},"canonical":"https:\/\/ouestran.com\/?page_id=782","og_locale":"fr_FR","og_type":"article","og_title":"Num\u00e9rique Responsable - Ouestran","og_description":"Nous vous proposons Num\u00e9rique Responsable Avantages du Num\u00e9rique Responsable pour les entreprises : \u00a0 \u00a0 \u00a0 \u00a0 \u00a0 R\u00e9duction des co\u00fbts : Le num\u00e9rique responsable permet d&rsquo;optimiser l&rsquo;utilisation des ressources num\u00e9riques, r\u00e9duisant ainsi les co\u00fbts \u00e9nerg\u00e9tiques, les d\u00e9penses li\u00e9es \u00e0 l&rsquo;infrastructure et la consommation de mat\u00e9riel informatique. \u00a0 \u00a0 \u00a0 \u00a0 \u00a0 Image de marque ... Lire la suite","og_url":"https:\/\/ouestran.com\/?page_id=782","og_site_name":"Ouestran","article_modified_time":"2023-06-08T13:31:01+00:00","twitter_card":"summary_large_image","twitter_misc":{"Dur\u00e9e de lecture estim\u00e9e":"3 minutes"},"schema":{"@context":"https:\/\/schema.org","@graph":[{"@type":"WebPage","@id":"https:\/\/ouestran.com\/?page_id=782","url":"https:\/\/ouestran.com\/?page_id=782","name":"Num\u00e9rique Responsable - Ouestran","isPartOf":{"@id":"https:\/\/ouestran.com\/#website"},"datePublished":"2023-05-23T10:18:07+00:00","dateModified":"2023-06-08T13:31:01+00:00","breadcrumb":{"@id":"https:\/\/ouestran.com\/?page_id=782#breadcrumb"},"inLanguage":"fr-FR","potentialAction":[{"@type":"ReadAction","target":["https:\/\/ouestran.com\/?page_id=782"]}]},{"@type":"BreadcrumbList","@id":"https:\/\/ouestran.com\/?page_id=782#breadcrumb","itemListElement":[{"@type":"ListItem","position":1,"name":"Accueil","item":"https:\/\/ouestran.com\/"},{"@type":"ListItem","position":2,"name":"Num\u00e9rique Responsable"}]},{"@type":"WebSite","@id":"https:\/\/ouestran.com\/#website","url":"https:\/\/ouestran.com\/","name":"Ouestran","description":"Impact Environnemental : Mesure et Action","publisher":{"@id":"https:\/\/ouestran.com\/#organization"},"potentialAction":[{"@type":"SearchAction","target":{"@type":"EntryPoint","urlTemplate":"https:\/\/ouestran.com\/?s={search_term_string}"},"query-input":"required name=search_term_string"}],"inLanguage":"fr-FR"},{"@type":"Organization","@id":"https:\/\/ouestran.com\/#organization","name":"Ouestran","url":"https:\/\/ouestran.com\/","logo":{"@type":"ImageObject","inLanguage":"fr-FR","@id":"https:\/\/ouestran.com\/#\/schema\/logo\/image\/","url":"https:\/\/ouestran.com\/wp-content\/uploads\/2023\/05\/cropped-Logo-Slogan.png","contentUrl":"https:\/\/ouestran.com\/wp-content\/uploads\/2023\/05\/cropped-Logo-Slogan.png","width":163,"height":56,"caption":"Ouestran"},"image":{"@id":"https:\/\/ouestran.com\/#\/schema\/logo\/image\/"}}]}},"_links":{"self":[{"href":"https:\/\/ouestran.com\/index.php?rest_route=\/wp\/v2\/pages\/782","targetHints":{"allow":["GET"]}}],"collection":[{"href":"https:\/\/ouestran.com\/index.php?rest_route=\/wp\/v2\/pages"}],"about":[{"href":"https:\/\/ouestran.com\/index.php?rest_route=\/wp\/v2\/types\/page"}],"author":[{"embeddable":true,"href":"https:\/\/ouestran.com\/index.php?rest_route=\/wp\/v2\/users\/1"}],"replies":[{"embeddable":true,"href":"https:\/\/ouestran.com\/index.php?rest_route=%2Fwp%2Fv2%2Fcomments&post=782"}],"version-history":[{"count":47,"href":"https:\/\/ouestran.com\/index.php?rest_route=\/wp\/v2\/pages\/782\/revisions"}],"predecessor-version":[{"id":1204,"href":"https:\/\/ouestran.com\/index.php?rest_route=\/wp\/v2\/pages\/782\/revisions\/1204"}],"wp:attachment":[{"href":"https:\/\/ouestran.com\/index.php?rest_route=%2Fwp%2Fv2%2Fmedia&parent=782"}],"curies":[{"name":"wp","href":"https:\/\/api.w.org\/{rel}","templated":true}]}}