{"id":693,"date":"2023-05-10T12:14:33","date_gmt":"2023-05-10T10:14:33","guid":{"rendered":"http:\/\/ouestran.com\/?page_id=693"},"modified":"2023-06-05T14:27:35","modified_gmt":"2023-06-05T12:27:35","slug":"a-propos","status":"publish","type":"page","link":"https:\/\/ouestran.com\/?page_id=693","title":{"rendered":"\u00c0 propos"},"content":{"rendered":"\t\t<div data-elementor-type=\"wp-page\" data-elementor-id=\"693\" class=\"elementor elementor-693\">\n\t\t\t\t\t\t\t\t\t<section class=\"elementor-section elementor-top-section elementor-element elementor-element-9bf5ed7 elementor-section-boxed elementor-section-height-default elementor-section-height-default\" data-id=\"9bf5ed7\" data-element_type=\"section\">\n\t\t\t\t\t\t<div class=\"elementor-container elementor-column-gap-default\">\n\t\t\t\t\t<div class=\"elementor-column elementor-col-50 elementor-top-column elementor-element elementor-element-38b0a50\" data-id=\"38b0a50\" data-element_type=\"column\">\n\t\t\t<div class=\"elementor-widget-wrap elementor-element-populated\">\n\t\t\t\t\t\t\t\t<div class=\"elementor-element elementor-element-4cd2d57 elementor-widget elementor-widget-heading\" data-id=\"4cd2d57\" data-element_type=\"widget\" data-widget_type=\"heading.default\">\n\t\t\t\t<div class=\"elementor-widget-container\">\n\t\t\t<style>\/*! elementor - v3.13.3 - 28-05-2023 *\/\n.elementor-heading-title{padding:0;margin:0;line-height:1}.elementor-widget-heading .elementor-heading-title[class*=elementor-size-]>a{color:inherit;font-size:inherit;line-height:inherit}.elementor-widget-heading .elementor-heading-title.elementor-size-small{font-size:15px}.elementor-widget-heading .elementor-heading-title.elementor-size-medium{font-size:19px}.elementor-widget-heading .elementor-heading-title.elementor-size-large{font-size:29px}.elementor-widget-heading .elementor-heading-title.elementor-size-xl{font-size:39px}.elementor-widget-heading .elementor-heading-title.elementor-size-xxl{font-size:59px}<\/style><h2 class=\"elementor-heading-title elementor-size-default\">Benoit Courel<\/h2>\t\t<\/div>\n\t\t\t\t<\/div>\n\t\t\t\t<div class=\"elementor-element elementor-element-ac566bf elementor-widget__width-initial elementor-widget elementor-widget-image\" data-id=\"ac566bf\" data-element_type=\"widget\" data-widget_type=\"image.default\">\n\t\t\t\t<div class=\"elementor-widget-container\">\n\t\t\t<style>\/*! elementor - v3.13.3 - 28-05-2023 *\/\n.elementor-widget-image{text-align:center}.elementor-widget-image a{display:inline-block}.elementor-widget-image a img[src$=\".svg\"]{width:48px}.elementor-widget-image img{vertical-align:middle;display:inline-block}<\/style>\t\t\t\t\t\t\t\t\t\t\t\t<img decoding=\"async\" src=\"https:\/\/ouestran.com\/wp-content\/uploads\/elementor\/thumbs\/IMG_2531-q714hd8opj4j5qghx01l8pxds6t7e2hi1jpxav1u6s.jpg\" title=\"Benoit Courel\" alt=\"Benoit courel responsable\" loading=\"lazy\" \/>\t\t\t\t\t\t\t\t\t\t\t\t\t\t\t<\/div>\n\t\t\t\t<\/div>\n\t\t\t\t<div class=\"elementor-element elementor-element-4ac468b elementor-widget elementor-widget-spacer\" data-id=\"4ac468b\" data-element_type=\"widget\" data-widget_type=\"spacer.default\">\n\t\t\t\t<div class=\"elementor-widget-container\">\n\t\t\t<style>\/*! elementor - v3.13.3 - 28-05-2023 *\/\n.elementor-column .elementor-spacer-inner{height:var(--spacer-size)}.e-con{--container-widget-width:100%}.e-con-inner>.elementor-widget-spacer,.e-con>.elementor-widget-spacer{width:var(--container-widget-width,var(--spacer-size));--align-self:var(--container-widget-align-self,initial);--flex-shrink:0}.e-con-inner>.elementor-widget-spacer>.elementor-widget-container,.e-con-inner>.elementor-widget-spacer>.elementor-widget-container>.elementor-spacer,.e-con>.elementor-widget-spacer>.elementor-widget-container,.e-con>.elementor-widget-spacer>.elementor-widget-container>.elementor-spacer{height:100%}.e-con-inner>.elementor-widget-spacer>.elementor-widget-container>.elementor-spacer>.elementor-spacer-inner,.e-con>.elementor-widget-spacer>.elementor-widget-container>.elementor-spacer>.elementor-spacer-inner{height:var(--container-widget-height,var(--spacer-size))}<\/style>\t\t<div class=\"elementor-spacer\">\n\t\t\t<div class=\"elementor-spacer-inner\"><\/div>\n\t\t<\/div>\n\t\t\t\t<\/div>\n\t\t\t\t<\/div>\n\t\t\t\t<div class=\"elementor-element elementor-element-63b9c18 elementor-widget__width-initial elementor-widget elementor-widget-text-editor\" data-id=\"63b9c18\" data-element_type=\"widget\" data-widget_type=\"text-editor.default\">\n\t\t\t\t<div class=\"elementor-widget-container\">\n\t\t\t<style>\/*! elementor - v3.13.3 - 28-05-2023 *\/\n.elementor-widget-text-editor.elementor-drop-cap-view-stacked .elementor-drop-cap{background-color:#69727d;color:#fff}.elementor-widget-text-editor.elementor-drop-cap-view-framed .elementor-drop-cap{color:#69727d;border:3px solid;background-color:transparent}.elementor-widget-text-editor:not(.elementor-drop-cap-view-default) .elementor-drop-cap{margin-top:8px}.elementor-widget-text-editor:not(.elementor-drop-cap-view-default) .elementor-drop-cap-letter{width:1em;height:1em}.elementor-widget-text-editor .elementor-drop-cap{float:left;text-align:center;line-height:1;font-size:50px}.elementor-widget-text-editor .elementor-drop-cap-letter{display:inline-block}<\/style>\t\t\t\t<p><span style=\"font-weight: 400;\">J\u2019ai r\u00e9alis\u00e9 de nombreuses formations afin de me former \u00e0 l\u2019<\/span><b>\u00e9co-conception<\/b><span style=\"font-weight: 400;\">, \u00e0 la\u00a0<\/span><b>strat\u00e9gie bas carbone<\/b><span style=\"font-weight: 400;\">\u00a0et au\u00a0<\/span><b>num\u00e9rique responsable<\/b><span style=\"font-weight: 400;\">.<\/span><\/p><ul><li><span style=\"font-weight: 400;\">Formation au bilan carbone avec l\u2019IFC.<\/span><\/li><li><span style=\"font-weight: 400;\">Formation \u00e0 la m\u00e9thode ACV et \u00e0 l&rsquo;\u00e9co conception avec le CNAM.<\/span><\/li><li><span style=\"font-weight: 400;\">Formation au num\u00e9rique responsable avec l\u2019INR et l\u2019Agence Lucie.<\/span><\/li><li><span style=\"font-weight: 400;\">Formation \u00e0 la m\u00e9thode ACT S avec l\u2019ADEME.<\/span><\/li><\/ul>\t\t\t\t\t\t<\/div>\n\t\t\t\t<\/div>\n\t\t\t\t\t<\/div>\n\t\t<\/div>\n\t\t\t\t<div class=\"elementor-column elementor-col-50 elementor-top-column elementor-element elementor-element-79d54e9\" data-id=\"79d54e9\" data-element_type=\"column\">\n\t\t\t<div class=\"elementor-widget-wrap elementor-element-populated\">\n\t\t\t\t\t\t\t\t<div class=\"elementor-element elementor-element-2207047 elementor-widget elementor-widget-spacer\" data-id=\"2207047\" data-element_type=\"widget\" data-widget_type=\"spacer.default\">\n\t\t\t\t<div class=\"elementor-widget-container\">\n\t\t\t\t\t<div class=\"elementor-spacer\">\n\t\t\t<div class=\"elementor-spacer-inner\"><\/div>\n\t\t<\/div>\n\t\t\t\t<\/div>\n\t\t\t\t<\/div>\n\t\t\t\t<div class=\"elementor-element elementor-element-1f7d2b9 elementor-widget__width-initial elementor-widget elementor-widget-text-editor\" data-id=\"1f7d2b9\" data-element_type=\"widget\" data-widget_type=\"text-editor.default\">\n\t\t\t\t<div class=\"elementor-widget-container\">\n\t\t\t\t\t\t\t<p><span style=\"color: #000000;\">J&rsquo;accompagne les entreprises dans leurs transitions \u00e9cologique et \u00e9nerg\u00e9tiques.<\/span><span style=\"background-color: var(--base-3); color: black; font-family: var( --e-global-typography-text-font-family ), Sans-serif; font-weight: var( --e-global-typography-text-font-weight );\"><br \/><\/span><\/p><p><span style=\"font-weight: 400;\">Ing\u00e9nieur en G\u00e9nie \u00c9lectrique, je suis \u00e9galement titulaire d\u2019un master 2 recherche ainsi que d\u2019un MBA de HEC de Montr\u00e9al. Mon int\u00e9r\u00eat pour les questions environnementales m&rsquo;a amen\u00e9 par la suite \u00e0 suivre le Dipl\u00f4me Universitaire en D\u00e9veloppement Durable de l\u2019universit\u00e9 de Nantes.<\/span><\/p><p><span style=\"font-weight: 400;\">Je suis sp\u00e9cialis\u00e9 dans la conception et le d\u00e9veloppement de services et de produits \u00e0 dominante \u00e9lectrique et \u00e9lectronique. J\u2019ai travaill\u00e9 20 ans comme ing\u00e9nieur et chef de projet au d\u00e9veloppement d\u2019\u00e9quipement \u00e9lectriques et \u00e9lectroniques dans le domaine m\u00e9dical, les t\u00e9l\u00e9communications, le ferroviaire, O&amp;G et les syst\u00e8mes industriels. Mes comp\u00e9tences couvrent \u00e9galement les m\u00e9thodes, l\u2019industrialisation et la mise en production des produits d\u00e9velopp\u00e9s.<\/span><\/p><p><span style=\"font-weight: 400;\">J\u2019ai un fort int\u00e9r\u00eat pour le d\u00e9veloppement de technologies, l\u2019innovations et les nouveaux sujets de recherche et d\u00e9veloppement. Cependant, j\u2019ai r\u00e9alis\u00e9 que les organisations, les produits et services d\u00e9velopp\u00e9s pouvaient avoir un fort impact environnemental. Ceci m\u2019a amen\u00e9 \u00e0 d\u00e9velopper une vision globale et syst\u00e9mique des activit\u00e9s et des produits des entreprises ainsi qu\u2019\u00e0 identifier des m\u00e9thodologies et outils pour analyser, identifier et\u00a0 r\u00e9duire ces impacts environnementaux.\u00a0<\/span><\/p><p><span style=\"font-weight: 400;\">J\u2019ai fond\u00e9 Ouestran, dans le but de sensibiliser et accompagner les entreprises dans leur transition \u00e9cologique et \u00e9nerg\u00e9tique. Je souhaite promouvoir une approche responsable du d\u00e9veloppement des produits et des organisations, en prenant en compte les aspects environnementaux et en encourageant des solutions durables.<\/span><\/p>\t\t\t\t\t\t<\/div>\n\t\t\t\t<\/div>\n\t\t\t\t\t<\/div>\n\t\t<\/div>\n\t\t\t\t\t\t\t<\/div>\n\t\t<\/section>\n\t\t\t\t<section class=\"elementor-section elementor-top-section elementor-element elementor-element-1f0ed2f elementor-section-boxed elementor-section-height-default elementor-section-height-default\" data-id=\"1f0ed2f\" data-element_type=\"section\">\n\t\t\t\t\t\t<div class=\"elementor-container elementor-column-gap-default\">\n\t\t\t\t\t<div class=\"elementor-column elementor-col-100 elementor-top-column elementor-element elementor-element-0e0c16d\" data-id=\"0e0c16d\" data-element_type=\"column\">\n\t\t\t<div class=\"elementor-widget-wrap elementor-element-populated\">\n\t\t\t\t\t\t\t\t<div class=\"elementor-element elementor-element-27e85c9 elementor-widget elementor-widget-accordion\" data-id=\"27e85c9\" data-element_type=\"widget\" data-widget_type=\"accordion.default\">\n\t\t\t\t<div class=\"elementor-widget-container\">\n\t\t\t<style>\/*! elementor - v3.13.3 - 28-05-2023 *\/\n.elementor-accordion{text-align:left}.elementor-accordion .elementor-accordion-item{border:1px solid #d5d8dc}.elementor-accordion .elementor-accordion-item+.elementor-accordion-item{border-top:none}.elementor-accordion .elementor-tab-title{margin:0;padding:15px 20px;font-weight:700;line-height:1;cursor:pointer;outline:none}.elementor-accordion .elementor-tab-title .elementor-accordion-icon{display:inline-block;width:1.5em}.elementor-accordion .elementor-tab-title .elementor-accordion-icon svg{width:1em;height:1em}.elementor-accordion .elementor-tab-title .elementor-accordion-icon.elementor-accordion-icon-right{float:right;text-align:right}.elementor-accordion .elementor-tab-title .elementor-accordion-icon.elementor-accordion-icon-left{float:left;text-align:left}.elementor-accordion .elementor-tab-title .elementor-accordion-icon .elementor-accordion-icon-closed{display:block}.elementor-accordion .elementor-tab-title .elementor-accordion-icon .elementor-accordion-icon-opened,.elementor-accordion .elementor-tab-title.elementor-active .elementor-accordion-icon-closed{display:none}.elementor-accordion .elementor-tab-title.elementor-active .elementor-accordion-icon-opened{display:block}.elementor-accordion .elementor-tab-content{display:none;padding:15px 20px;border-top:1px solid #d5d8dc}@media (max-width:767px){.elementor-accordion .elementor-tab-title{padding:12px 15px}.elementor-accordion .elementor-tab-title .elementor-accordion-icon{width:1.2em}.elementor-accordion .elementor-tab-content{padding:7px 15px}}.e-con-inner>.elementor-widget-accordion,.e-con>.elementor-widget-accordion{width:var(--container-widget-width);--flex-grow:var(--container-widget-flex-grow)}<\/style>\t\t<div class=\"elementor-accordion\" role=\"tablist\">\n\t\t\t\t\t\t\t<div class=\"elementor-accordion-item\">\n\t\t\t\t\t<div id=\"elementor-tab-title-4181\" class=\"elementor-tab-title\" data-tab=\"1\" role=\"tab\" aria-controls=\"elementor-tab-content-4181\" aria-expanded=\"false\">\n\t\t\t\t\t\t\t\t\t\t\t\t\t<span class=\"elementor-accordion-icon elementor-accordion-icon-left\" aria-hidden=\"true\">\n\t\t\t\t\t\t\t\t\t\t\t\t\t\t\t<span class=\"elementor-accordion-icon-closed\"><i class=\"fas fa-plus\"><\/i><\/span>\n\t\t\t\t\t\t\t\t<span class=\"elementor-accordion-icon-opened\"><i class=\"fas fa-minus\"><\/i><\/span>\n\t\t\t\t\t\t\t\t\t\t\t\t\t\t<\/span>\n\t\t\t\t\t\t\t\t\t\t\t\t<a class=\"elementor-accordion-title\" href=\"\">Expert Bilan Carbone<\/a>\n\t\t\t\t\t<\/div>\n\t\t\t\t\t<div id=\"elementor-tab-content-4181\" class=\"elementor-tab-content elementor-clearfix\" data-tab=\"1\" role=\"tabpanel\" aria-labelledby=\"elementor-tab-title-4181\"><p>R\u00e9f\u00e9renc\u00e9 comme expert Bilan Carbone pour le Diag D\u00e9carbon\u2019action (BPI).<\/p><\/div>\n\t\t\t\t<\/div>\n\t\t\t\t\t\t\t<div class=\"elementor-accordion-item\">\n\t\t\t\t\t<div id=\"elementor-tab-title-4182\" class=\"elementor-tab-title\" data-tab=\"2\" role=\"tab\" aria-controls=\"elementor-tab-content-4182\" aria-expanded=\"false\">\n\t\t\t\t\t\t\t\t\t\t\t\t\t<span class=\"elementor-accordion-icon elementor-accordion-icon-left\" aria-hidden=\"true\">\n\t\t\t\t\t\t\t\t\t\t\t\t\t\t\t<span class=\"elementor-accordion-icon-closed\"><i class=\"fas fa-plus\"><\/i><\/span>\n\t\t\t\t\t\t\t\t<span class=\"elementor-accordion-icon-opened\"><i class=\"fas fa-minus\"><\/i><\/span>\n\t\t\t\t\t\t\t\t\t\t\t\t\t\t<\/span>\n\t\t\t\t\t\t\t\t\t\t\t\t<a class=\"elementor-accordion-title\" href=\"\">Expert Num\u00e9rique Responsable<\/a>\n\t\t\t\t\t<\/div>\n\t\t\t\t\t<div id=\"elementor-tab-content-4182\" class=\"elementor-tab-content elementor-clearfix\" data-tab=\"2\" role=\"tabpanel\" aria-labelledby=\"elementor-tab-title-4182\"><p>R\u00e9f\u00e9renc\u00e9 comme expert Num\u00e9rique Responsable par l\u2019Institut du Num\u00e9rique Responsable.<\/p><\/div>\n\t\t\t\t<\/div>\n\t\t\t\t\t\t\t<div class=\"elementor-accordion-item\">\n\t\t\t\t\t<div id=\"elementor-tab-title-4183\" class=\"elementor-tab-title\" data-tab=\"3\" role=\"tab\" aria-controls=\"elementor-tab-content-4183\" aria-expanded=\"false\">\n\t\t\t\t\t\t\t\t\t\t\t\t\t<span class=\"elementor-accordion-icon elementor-accordion-icon-left\" aria-hidden=\"true\">\n\t\t\t\t\t\t\t\t\t\t\t\t\t\t\t<span class=\"elementor-accordion-icon-closed\"><i class=\"fas fa-plus\"><\/i><\/span>\n\t\t\t\t\t\t\t\t<span class=\"elementor-accordion-icon-opened\"><i class=\"fas fa-minus\"><\/i><\/span>\n\t\t\t\t\t\t\t\t\t\t\t\t\t\t<\/span>\n\t\t\t\t\t\t\t\t\t\t\t\t<a class=\"elementor-accordion-title\" href=\"\">Association Bas Carbone<\/a>\n\t\t\t\t\t<\/div>\n\t\t\t\t\t<div id=\"elementor-tab-content-4183\" class=\"elementor-tab-content elementor-clearfix\" data-tab=\"3\" role=\"tabpanel\" aria-labelledby=\"elementor-tab-title-4183\"><p>Membre de l\u2019Association pour la transition Bas Carbone.<\/p><\/div>\n\t\t\t\t<\/div>\n\t\t\t\t\t\t\t\t<\/div>\n\t\t\t\t<\/div>\n\t\t\t\t<\/div>\n\t\t\t\t\t<\/div>\n\t\t<\/div>\n\t\t\t\t\t\t\t<\/div>\n\t\t<\/section>\n\t\t\t\t\t\t\t<\/div>\n\t\t","protected":false},"excerpt":{"rendered":"<p>Benoit Courel J\u2019ai r\u00e9alis\u00e9 de nombreuses formations afin de me former \u00e0 l\u2019\u00e9co-conception, \u00e0 la\u00a0strat\u00e9gie bas carbone\u00a0et au\u00a0num\u00e9rique responsable. Formation au bilan carbone avec l\u2019IFC. Formation \u00e0 la m\u00e9thode ACV et \u00e0 l&rsquo;\u00e9co conception avec le CNAM. Formation au num\u00e9rique responsable avec l\u2019INR et l\u2019Agence Lucie. Formation \u00e0 la m\u00e9thode ACT S avec l\u2019ADEME. J&rsquo;accompagne &#8230; <a title=\"\u00c0 propos\" class=\"read-more\" href=\"https:\/\/ouestran.com\/?page_id=693\" aria-label=\"En savoir plus sur \u00c0 propos\">Lire la suite<\/a><\/p>\n","protected":false},"author":1,"featured_media":0,"parent":0,"menu_order":0,"comment_status":"closed","ping_status":"closed","template":"elementor_header_footer","meta":{"footnotes":""},"class_list":["post-693","page","type-page","status-publish"],"yoast_head":"<!-- This site is optimized with the Yoast SEO plugin v20.8 - https:\/\/yoast.com\/wordpress\/plugins\/seo\/ -->\n<title>\u00c0 propos - Ouestran<\/title>\n<meta name=\"robots\" content=\"index, follow, max-snippet:-1, max-image-preview:large, max-video-preview:-1\" \/>\n<link rel=\"canonical\" href=\"https:\/\/ouestran.com\/?page_id=693\" \/>\n<meta property=\"og:locale\" content=\"fr_FR\" \/>\n<meta property=\"og:type\" content=\"article\" \/>\n<meta property=\"og:title\" content=\"\u00c0 propos - Ouestran\" \/>\n<meta property=\"og:description\" content=\"Benoit Courel J\u2019ai r\u00e9alis\u00e9 de nombreuses formations afin de me former \u00e0 l\u2019\u00e9co-conception, \u00e0 la\u00a0strat\u00e9gie bas carbone\u00a0et au\u00a0num\u00e9rique responsable. Formation au bilan carbone avec l\u2019IFC. Formation \u00e0 la m\u00e9thode ACV et \u00e0 l&rsquo;\u00e9co conception avec le CNAM. Formation au num\u00e9rique responsable avec l\u2019INR et l\u2019Agence Lucie. Formation \u00e0 la m\u00e9thode ACT S avec l\u2019ADEME. J&rsquo;accompagne ... Lire la suite\" \/>\n<meta property=\"og:url\" content=\"https:\/\/ouestran.com\/?page_id=693\" \/>\n<meta property=\"og:site_name\" content=\"Ouestran\" \/>\n<meta property=\"article:modified_time\" content=\"2023-06-05T12:27:35+00:00\" \/>\n<meta property=\"og:image\" content=\"https:\/\/ouestran.com\/wp-content\/uploads\/elementor\/thumbs\/IMG_2531-q714hd8opj4j5qghx01l8pxds6t7e2hi1jpxav1u6s.jpg\" \/>\n<meta name=\"twitter:card\" content=\"summary_large_image\" \/>\n<meta name=\"twitter:label1\" content=\"Dur\u00e9e de lecture estim\u00e9e\" \/>\n\t<meta name=\"twitter:data1\" content=\"2 minutes\" \/>\n<script type=\"application\/ld+json\" class=\"yoast-schema-graph\">{\"@context\":\"https:\/\/schema.org\",\"@graph\":[{\"@type\":\"WebPage\",\"@id\":\"https:\/\/ouestran.com\/?page_id=693\",\"url\":\"https:\/\/ouestran.com\/?page_id=693\",\"name\":\"\u00c0 propos - Ouestran\",\"isPartOf\":{\"@id\":\"https:\/\/ouestran.com\/#website\"},\"datePublished\":\"2023-05-10T10:14:33+00:00\",\"dateModified\":\"2023-06-05T12:27:35+00:00\",\"breadcrumb\":{\"@id\":\"https:\/\/ouestran.com\/?page_id=693#breadcrumb\"},\"inLanguage\":\"fr-FR\",\"potentialAction\":[{\"@type\":\"ReadAction\",\"target\":[\"https:\/\/ouestran.com\/?page_id=693\"]}]},{\"@type\":\"BreadcrumbList\",\"@id\":\"https:\/\/ouestran.com\/?page_id=693#breadcrumb\",\"itemListElement\":[{\"@type\":\"ListItem\",\"position\":1,\"name\":\"Accueil\",\"item\":\"https:\/\/ouestran.com\/\"},{\"@type\":\"ListItem\",\"position\":2,\"name\":\"\u00c0 propos\"}]},{\"@type\":\"WebSite\",\"@id\":\"https:\/\/ouestran.com\/#website\",\"url\":\"https:\/\/ouestran.com\/\",\"name\":\"Ouestran\",\"description\":\"Impact Environnemental : Mesure et Action\",\"publisher\":{\"@id\":\"https:\/\/ouestran.com\/#organization\"},\"potentialAction\":[{\"@type\":\"SearchAction\",\"target\":{\"@type\":\"EntryPoint\",\"urlTemplate\":\"https:\/\/ouestran.com\/?s={search_term_string}\"},\"query-input\":\"required name=search_term_string\"}],\"inLanguage\":\"fr-FR\"},{\"@type\":\"Organization\",\"@id\":\"https:\/\/ouestran.com\/#organization\",\"name\":\"Ouestran\",\"url\":\"https:\/\/ouestran.com\/\",\"logo\":{\"@type\":\"ImageObject\",\"inLanguage\":\"fr-FR\",\"@id\":\"https:\/\/ouestran.com\/#\/schema\/logo\/image\/\",\"url\":\"https:\/\/ouestran.com\/wp-content\/uploads\/2023\/05\/cropped-Logo-Slogan.png\",\"contentUrl\":\"https:\/\/ouestran.com\/wp-content\/uploads\/2023\/05\/cropped-Logo-Slogan.png\",\"width\":163,\"height\":56,\"caption\":\"Ouestran\"},\"image\":{\"@id\":\"https:\/\/ouestran.com\/#\/schema\/logo\/image\/\"}}]}<\/script>\n<!-- \/ Yoast SEO plugin. -->","yoast_head_json":{"title":"\u00c0 propos - Ouestran","robots":{"index":"index","follow":"follow","max-snippet":"max-snippet:-1","max-image-preview":"max-image-preview:large","max-video-preview":"max-video-preview:-1"},"canonical":"https:\/\/ouestran.com\/?page_id=693","og_locale":"fr_FR","og_type":"article","og_title":"\u00c0 propos - Ouestran","og_description":"Benoit Courel J\u2019ai r\u00e9alis\u00e9 de nombreuses formations afin de me former \u00e0 l\u2019\u00e9co-conception, \u00e0 la\u00a0strat\u00e9gie bas carbone\u00a0et au\u00a0num\u00e9rique responsable. Formation au bilan carbone avec l\u2019IFC. Formation \u00e0 la m\u00e9thode ACV et \u00e0 l&rsquo;\u00e9co conception avec le CNAM. Formation au num\u00e9rique responsable avec l\u2019INR et l\u2019Agence Lucie. Formation \u00e0 la m\u00e9thode ACT S avec l\u2019ADEME. J&rsquo;accompagne ... Lire la suite","og_url":"https:\/\/ouestran.com\/?page_id=693","og_site_name":"Ouestran","article_modified_time":"2023-06-05T12:27:35+00:00","og_image":[{"url":"https:\/\/ouestran.com\/wp-content\/uploads\/elementor\/thumbs\/IMG_2531-q714hd8opj4j5qghx01l8pxds6t7e2hi1jpxav1u6s.jpg"}],"twitter_card":"summary_large_image","twitter_misc":{"Dur\u00e9e de lecture estim\u00e9e":"2 minutes"},"schema":{"@context":"https:\/\/schema.org","@graph":[{"@type":"WebPage","@id":"https:\/\/ouestran.com\/?page_id=693","url":"https:\/\/ouestran.com\/?page_id=693","name":"\u00c0 propos - Ouestran","isPartOf":{"@id":"https:\/\/ouestran.com\/#website"},"datePublished":"2023-05-10T10:14:33+00:00","dateModified":"2023-06-05T12:27:35+00:00","breadcrumb":{"@id":"https:\/\/ouestran.com\/?page_id=693#breadcrumb"},"inLanguage":"fr-FR","potentialAction":[{"@type":"ReadAction","target":["https:\/\/ouestran.com\/?page_id=693"]}]},{"@type":"BreadcrumbList","@id":"https:\/\/ouestran.com\/?page_id=693#breadcrumb","itemListElement":[{"@type":"ListItem","position":1,"name":"Accueil","item":"https:\/\/ouestran.com\/"},{"@type":"ListItem","position":2,"name":"\u00c0 propos"}]},{"@type":"WebSite","@id":"https:\/\/ouestran.com\/#website","url":"https:\/\/ouestran.com\/","name":"Ouestran","description":"Impact Environnemental : Mesure et Action","publisher":{"@id":"https:\/\/ouestran.com\/#organization"},"potentialAction":[{"@type":"SearchAction","target":{"@type":"EntryPoint","urlTemplate":"https:\/\/ouestran.com\/?s={search_term_string}"},"query-input":"required name=search_term_string"}],"inLanguage":"fr-FR"},{"@type":"Organization","@id":"https:\/\/ouestran.com\/#organization","name":"Ouestran","url":"https:\/\/ouestran.com\/","logo":{"@type":"ImageObject","inLanguage":"fr-FR","@id":"https:\/\/ouestran.com\/#\/schema\/logo\/image\/","url":"https:\/\/ouestran.com\/wp-content\/uploads\/2023\/05\/cropped-Logo-Slogan.png","contentUrl":"https:\/\/ouestran.com\/wp-content\/uploads\/2023\/05\/cropped-Logo-Slogan.png","width":163,"height":56,"caption":"Ouestran"},"image":{"@id":"https:\/\/ouestran.com\/#\/schema\/logo\/image\/"}}]}},"_links":{"self":[{"href":"https:\/\/ouestran.com\/index.php?rest_route=\/wp\/v2\/pages\/693","targetHints":{"allow":["GET"]}}],"collection":[{"href":"https:\/\/ouestran.com\/index.php?rest_route=\/wp\/v2\/pages"}],"about":[{"href":"https:\/\/ouestran.com\/index.php?rest_route=\/wp\/v2\/types\/page"}],"author":[{"embeddable":true,"href":"https:\/\/ouestran.com\/index.php?rest_route=\/wp\/v2\/users\/1"}],"replies":[{"embeddable":true,"href":"https:\/\/ouestran.com\/index.php?rest_route=%2Fwp%2Fv2%2Fcomments&post=693"}],"version-history":[{"count":46,"href":"https:\/\/ouestran.com\/index.php?rest_route=\/wp\/v2\/pages\/693\/revisions"}],"predecessor-version":[{"id":1167,"href":"https:\/\/ouestran.com\/index.php?rest_route=\/wp\/v2\/pages\/693\/revisions\/1167"}],"wp:attachment":[{"href":"https:\/\/ouestran.com\/index.php?rest_route=%2Fwp%2Fv2%2Fmedia&parent=693"}],"curies":[{"name":"wp","href":"https:\/\/api.w.org\/{rel}","templated":true}]}}